{"id":1830,"date":"2025-02-16T23:33:19","date_gmt":"2025-02-16T23:33:19","guid":{"rendered":"https:\/\/perfumeshots.hu\/?post_type=product&#038;p=1830"},"modified":"2026-01-03T19:00:17","modified_gmt":"2026-01-03T19:00:17","slug":"ficus-in-fabula","status":"publish","type":"product","link":"https:\/\/perfumeshots.hu\/hu\/termek\/ficus-in-fabula\/","title":{"rendered":"Ficus in Fabula"},"content":{"rendered":"<p>A Ficus in Fabula nem csup\u00e1n egy illat: ez egy utaz\u00e1s a val\u00f3s\u00e1g \u00e9s a k\u00e9pzelet k\u00f6z\u00f6tt, egy illatmes\u00e9be z\u00e1rt t\u00f6rt\u00e9net, ahol minden hang egy id\u0151ben lebeg\u0151 pillanat darabj\u00e1v\u00e1 v\u00e1lik.<\/p>","protected":false},"excerpt":{"rendered":"<p class=\"elementor-heading-title elementor-size-default\">Lorenzo Pazzaglia Ficus in Fabula<\/p>\n<p>A tenger fel\u00e9 hajl\u00f3 f\u00fcgefa z\u00f6ld leveleit simogatva a s\u00f3s tengeri szell\u0151 megragadja annak esszenci\u00e1j\u00e1t, \u00e9s egy k\u00f6r\u00fcl\u00f6lel\u0151 arom\u00e1s \u00f6rv\u00e9nny\u00e9 alak\u00edtja.\nA kavi\u00e1rgy\u00f6ngy\u00f6k s\u00f3s \u00e1rnyalatokat engednek szabadon, amelyeket hideg, krist\u00e1lytiszta vodka cseppjei kereszteznek.\nAz \u00f3zonos, tengeri jegyek kecsesen vezetik be az illat sz\u00edv\u00e9t: egy friss, kr\u00e9mes f\u00fcge, tejes, b\u00e1rsonyos t\u00f3nusokkal \u2013 term\u00e9szetes eleganci\u00e1j\u00e1ban egyed\u00fcl\u00e1ll\u00f3.<br \/>\nAz alapban egy f\u00e1s, meleg akkord \u00f6leli \u00e1t a kompoz\u00edci\u00f3t, m\u00e9lys\u00e9get \u00e9s puhas\u00e1got adva neki.<\/p>","protected":false},"featured_media":2372,"comment_status":"open","ping_status":"closed","template":"","meta":{"_acf_changed":false,"site-sidebar-layout":"default","site-content-layout":"","ast-site-content-layout":"default","site-content-style":"default","site-sidebar-style":"default","ast-global-header-display":"","ast-banner-title-visibility":"","ast-main-header-display":"","ast-hfb-above-header-display":"","ast-hfb-below-header-display":"","ast-hfb-mobile-header-display":"","site-post-title":"","ast-breadcrumbs-content":"","ast-featured-img":"","footer-sml-layout":"","theme-transparent-header-meta":"default","adv-header-id-meta":"","stick-header-meta":"","header-above-stick-meta":"","header-main-stick-meta":"","header-below-stick-meta":"","astra-migrate-meta-layouts":"set","ast-page-background-enabled":"default","ast-page-background-meta":{"desktop":{"background-color":"var(--ast-global-color-4)","background-image":"","background-repeat":"repeat","background-position":"center center","background-size":"auto","background-attachment":"scroll","background-type":"","background-media":"","overlay-type":"","overlay-color":"","overlay-opacity":"","overlay-gradient":""},"tablet":{"background-color":"","background-image":"","background-repeat":"repeat","background-position":"center center","background-size":"auto","background-attachment":"scroll","background-type":"","background-media":"","overlay-type":"","overlay-color":"","overlay-opacity":"","overlay-gradient":""},"mobile":{"background-color":"","background-image":"","background-repeat":"repeat","background-position":"center center","background-size":"auto","background-attachment":"scroll","background-type":"","background-media":"","overlay-type":"","overlay-color":"","overlay-opacity":"","overlay-gradient":""}},"ast-content-background-meta":{"desktop":{"background-color":"var(--ast-global-color-5)","background-image":"","background-repeat":"repeat","background-position":"center center","background-size":"auto","background-attachment":"scroll","background-type":"","background-media":"","overlay-type":"","overlay-color":"","overlay-opacity":"","overlay-gradient":""},"tablet":{"background-color":"var(--ast-global-color-5)","background-image":"","background-repeat":"repeat","background-position":"center center","background-size":"auto","background-attachment":"scroll","background-type":"","background-media":"","overlay-type":"","overlay-color":"","overlay-opacity":"","overlay-gradient":""},"mobile":{"background-color":"var(--ast-global-color-5)","background-image":"","background-repeat":"repeat","background-position":"center center","background-size":"auto","background-attachment":"scroll","background-type":"","background-media":"","overlay-type":"","overlay-color":"","overlay-opacity":"","overlay-gradient":""}}},"product_brand":[],"product_cat":[24,36,32,217,266,22,23,37],"product_tag":[],"class_list":{"0":"post-1830","1":"product","2":"type-product","3":"status-publish","4":"has-post-thumbnail","6":"product_cat-for-women","7":"product_cat-fresh","8":"product_cat-fruity","9":"product_cat-green","10":"product_cat-lorenzo-pazzaglia","11":"product_cat-perfumes","12":"product_cat-unisex","13":"product_cat-woody","14":"desktop-align-left","15":"tablet-align-left","16":"mobile-align-left","18":"first","19":"instock","20":"shipping-taxable","21":"purchasable","22":"product-type-variable"},"acf":[],"_links":{"self":[{"href":"https:\/\/perfumeshots.hu\/hu\/wp-json\/wp\/v2\/product\/1830","targetHints":{"allow":["GET"]}}],"collection":[{"href":"https:\/\/perfumeshots.hu\/hu\/wp-json\/wp\/v2\/product"}],"about":[{"href":"https:\/\/perfumeshots.hu\/hu\/wp-json\/wp\/v2\/types\/product"}],"replies":[{"embeddable":true,"href":"https:\/\/perfumeshots.hu\/hu\/wp-json\/wp\/v2\/comments?post=1830"}],"wp:featuredmedia":[{"embeddable":true,"href":"https:\/\/perfumeshots.hu\/hu\/wp-json\/wp\/v2\/media\/2372"}],"wp:attachment":[{"href":"https:\/\/perfumeshots.hu\/hu\/wp-json\/wp\/v2\/media?parent=1830"}],"wp:term":[{"taxonomy":"product_brand","embeddable":true,"href":"https:\/\/perfumeshots.hu\/hu\/wp-json\/wp\/v2\/product_brand?post=1830"},{"taxonomy":"product_cat","embeddable":true,"href":"https:\/\/perfumeshots.hu\/hu\/wp-json\/wp\/v2\/product_cat?post=1830"},{"taxonomy":"product_tag","embeddable":true,"href":"https:\/\/perfumeshots.hu\/hu\/wp-json\/wp\/v2\/product_tag?post=1830"}],"curies":[{"name":"wp","href":"https:\/\/api.w.org\/{rel}","templated":true}]}}