{"id":1936,"date":"2025-07-06T15:54:45","date_gmt":"2025-07-06T15:54:45","guid":{"rendered":"https:\/\/perfumeshots.hu\/?post_type=product&#038;p=1936"},"modified":"2026-03-25T20:46:29","modified_gmt":"2026-03-25T20:46:29","slug":"amberful","status":"publish","type":"product","link":"https:\/\/perfumeshots.hu\/hu\/termek\/amberful\/","title":{"rendered":"Amberful"},"content":{"rendered":"<p>K\u00e9sz\u00fclj fel, hogy elb\u0171v\u00f6l Amberful, a Mancera ragyog\u00f3 borosty\u00e1n-interpret\u00e1ci\u00f3ja, amely \u00fagy csillog a b\u0151r\u00f6n, mint az olvadt arany.<\/p>","protected":false},"excerpt":{"rendered":"<p>Minden egy \u00e9l\u00e9nk, f\u0171szeres szikr\u00e1val kezd\u0151dik: r\u00f3zsabors, vibr\u00e1l\u00f3 jap\u00e1n juzu, zamatos kal\u00e1briai bergamot \u00e9s meleg indiai szerecsendi\u00f3 forrnak \u00f6ssze, \u00e9s m\u00e1r az els\u0151 pillanatban felr\u00e1zz\u00e1k az \u00e9rz\u00e9keket.\nA sz\u00edvben a f\u00e1s \u00e1mbra \u00f6lel\u0151 melegs\u00e9ggel burkol be, melyet p\u00faderes ibolya l\u00e1gy\u00edt, \u00e9s a m\u00e9ly, gazdag szulav\u00e9zi pacsuli tesz titokzatosan mer\u00e9ssz\u00e9, ugyanakkor eleg\u00e1nsan megnyugtat\u00f3v\u00e1.\nV\u00e9g\u00fcl az alap intenz\u00edv \u00e1mbra \u00e9s c\u00e9drusmoha m\u00e1gneses nyom\u00e1t t\u00e1rja fel, b\u00e1rsonyos, hosszan tart\u00f3 illatjegyet alkotva, amely er\u0151teljes \u00e9s felejthetetlen benyom\u00e1st hagy.<\/p>","protected":false},"featured_media":1940,"comment_status":"open","ping_status":"closed","template":"","meta":{"_acf_changed":false,"site-sidebar-layout":"default","site-content-layout":"","ast-site-content-layout":"default","site-content-style":"default","site-sidebar-style":"default","ast-global-header-display":"","ast-banner-title-visibility":"","ast-main-header-display":"","ast-hfb-above-header-display":"","ast-hfb-below-header-display":"","ast-hfb-mobile-header-display":"","site-post-title":"","ast-breadcrumbs-content":"","ast-featured-img":"","footer-sml-layout":"","theme-transparent-header-meta":"default","adv-header-id-meta":"","stick-header-meta":"","header-above-stick-meta":"","header-main-stick-meta":"","header-below-stick-meta":"","astra-migrate-meta-layouts":"set","ast-page-background-enabled":"default","ast-page-background-meta":{"desktop":{"background-color":"var(--ast-global-color-4)","background-image":"","background-repeat":"repeat","background-position":"center center","background-size":"auto","background-attachment":"scroll","background-type":"","background-media":"","overlay-type":"","overlay-color":"","overlay-opacity":"","overlay-gradient":""},"tablet":{"background-color":"","background-image":"","background-repeat":"repeat","background-position":"center center","background-size":"auto","background-attachment":"scroll","background-type":"","background-media":"","overlay-type":"","overlay-color":"","overlay-opacity":"","overlay-gradient":""},"mobile":{"background-color":"","background-image":"","background-repeat":"repeat","background-position":"center center","background-size":"auto","background-attachment":"scroll","background-type":"","background-media":"","overlay-type":"","overlay-color":"","overlay-opacity":"","overlay-gradient":""}},"ast-content-background-meta":{"desktop":{"background-color":"var(--ast-global-color-5)","background-image":"","background-repeat":"repeat","background-position":"center center","background-size":"auto","background-attachment":"scroll","background-type":"","background-media":"","overlay-type":"","overlay-color":"","overlay-opacity":"","overlay-gradient":""},"tablet":{"background-color":"var(--ast-global-color-5)","background-image":"","background-repeat":"repeat","background-position":"center center","background-size":"auto","background-attachment":"scroll","background-type":"","background-media":"","overlay-type":"","overlay-color":"","overlay-opacity":"","overlay-gradient":""},"mobile":{"background-color":"var(--ast-global-color-5)","background-image":"","background-repeat":"repeat","background-position":"center center","background-size":"auto","background-attachment":"scroll","background-type":"","background-media":"","overlay-type":"","overlay-color":"","overlay-opacity":"","overlay-gradient":""}}},"product_brand":[],"product_cat":[25,24,237,34,22,218,23,378,37],"product_tag":[],"class_list":{"0":"post-1936","1":"product","2":"type-product","3":"status-publish","4":"has-post-thumbnail","6":"product_cat-for-men","7":"product_cat-for-women","8":"product_cat-mancera","9":"product_cat-oriental","10":"product_cat-perfumes","11":"product_cat-spicy","12":"product_cat-unisex","13":"product_cat-warm","14":"product_cat-woody","15":"desktop-align-left","16":"tablet-align-left","17":"mobile-align-left","19":"first","20":"instock","21":"shipping-taxable","22":"purchasable","23":"product-type-variable"},"acf":[],"_links":{"self":[{"href":"https:\/\/perfumeshots.hu\/hu\/wp-json\/wp\/v2\/product\/1936","targetHints":{"allow":["GET"]}}],"collection":[{"href":"https:\/\/perfumeshots.hu\/hu\/wp-json\/wp\/v2\/product"}],"about":[{"href":"https:\/\/perfumeshots.hu\/hu\/wp-json\/wp\/v2\/types\/product"}],"replies":[{"embeddable":true,"href":"https:\/\/perfumeshots.hu\/hu\/wp-json\/wp\/v2\/comments?post=1936"}],"wp:featuredmedia":[{"embeddable":true,"href":"https:\/\/perfumeshots.hu\/hu\/wp-json\/wp\/v2\/media\/1940"}],"wp:attachment":[{"href":"https:\/\/perfumeshots.hu\/hu\/wp-json\/wp\/v2\/media?parent=1936"}],"wp:term":[{"taxonomy":"product_brand","embeddable":true,"href":"https:\/\/perfumeshots.hu\/hu\/wp-json\/wp\/v2\/product_brand?post=1936"},{"taxonomy":"product_cat","embeddable":true,"href":"https:\/\/perfumeshots.hu\/hu\/wp-json\/wp\/v2\/product_cat?post=1936"},{"taxonomy":"product_tag","embeddable":true,"href":"https:\/\/perfumeshots.hu\/hu\/wp-json\/wp\/v2\/product_tag?post=1936"}],"curies":[{"name":"wp","href":"https:\/\/api.w.org\/{rel}","templated":true}]}}