{"id":2001,"date":"2025-07-12T11:52:40","date_gmt":"2025-07-12T11:52:40","guid":{"rendered":"https:\/\/perfumeshots.hu\/?post_type=product&#038;p=2001"},"modified":"2026-01-03T20:07:08","modified_gmt":"2026-01-03T20:07:08","slug":"black-guava","status":"publish","type":"product","link":"https:\/\/perfumeshots.hu\/hu\/termek\/black-guava\/","title":{"rendered":"Black Guava"},"content":{"rendered":"<p>Guava almighty<\/p>","protected":false},"excerpt":{"rendered":"<p>Borntostandout Black Guava<\/p>\n<p>A Black Guava a f\u00e9ny \u00e9s a s\u00f6t\u00e9ts\u00e9g \u00f6r\u00f6k kett\u0151ss\u00e9g\u00e9t testes\u00edti meg.\nA guava \u00e9des, \u00e9l\u00e9nk ragyog\u00e1sa, tele \u00e9lettel \u00e9s energi\u00e1val, lassan \u00e1tadja hely\u00e9t az oud f\u00fcst\u00f6s, cs\u00e1b\u00edt\u00f3 m\u00e9lys\u00e9g\u00e9nek \u2014 megid\u00e9zve az \u00e1rny\u00e9k \u00e9s a s\u00f6t\u00e9ts\u00e9g titokzatos vonzerej\u00e9t.<br \/>\nA k\u00e9t er\u0151 k\u00f6z\u00f6tti finom egyens\u00faly hozza l\u00e9tre a felejthetetlent.<\/p>","protected":false},"featured_media":2006,"comment_status":"open","ping_status":"closed","template":"","meta":{"_acf_changed":false,"site-sidebar-layout":"default","site-content-layout":"","ast-site-content-layout":"default","site-content-style":"default","site-sidebar-style":"default","ast-global-header-display":"","ast-banner-title-visibility":"","ast-main-header-display":"","ast-hfb-above-header-display":"","ast-hfb-below-header-display":"","ast-hfb-mobile-header-display":"","site-post-title":"","ast-breadcrumbs-content":"","ast-featured-img":"","footer-sml-layout":"","theme-transparent-header-meta":"default","adv-header-id-meta":"","stick-header-meta":"","header-above-stick-meta":"","header-main-stick-meta":"","header-below-stick-meta":"","astra-migrate-meta-layouts":"set","ast-page-background-enabled":"default","ast-page-background-meta":{"desktop":{"background-color":"var(--ast-global-color-4)","background-image":"","background-repeat":"repeat","background-position":"center center","background-size":"auto","background-attachment":"scroll","background-type":"","background-media":"","overlay-type":"","overlay-color":"","overlay-opacity":"","overlay-gradient":""},"tablet":{"background-color":"","background-image":"","background-repeat":"repeat","background-position":"center center","background-size":"auto","background-attachment":"scroll","background-type":"","background-media":"","overlay-type":"","overlay-color":"","overlay-opacity":"","overlay-gradient":""},"mobile":{"background-color":"","background-image":"","background-repeat":"repeat","background-position":"center center","background-size":"auto","background-attachment":"scroll","background-type":"","background-media":"","overlay-type":"","overlay-color":"","overlay-opacity":"","overlay-gradient":""}},"ast-content-background-meta":{"desktop":{"background-color":"var(--ast-global-color-5)","background-image":"","background-repeat":"repeat","background-position":"center center","background-size":"auto","background-attachment":"scroll","background-type":"","background-media":"","overlay-type":"","overlay-color":"","overlay-opacity":"","overlay-gradient":""},"tablet":{"background-color":"var(--ast-global-color-5)","background-image":"","background-repeat":"repeat","background-position":"center center","background-size":"auto","background-attachment":"scroll","background-type":"","background-media":"","overlay-type":"","overlay-color":"","overlay-opacity":"","overlay-gradient":""},"mobile":{"background-color":"var(--ast-global-color-5)","background-image":"","background-repeat":"repeat","background-position":"center center","background-size":"auto","background-attachment":"scroll","background-type":"","background-media":"","overlay-type":"","overlay-color":"","overlay-opacity":"","overlay-gradient":""}}},"product_brand":[],"product_cat":[268,25,24,32,35,22,215,23,37],"product_tag":[],"class_list":{"0":"post-2001","1":"product","2":"type-product","3":"status-publish","4":"has-post-thumbnail","6":"product_cat-borntostandout","7":"product_cat-for-men","8":"product_cat-for-women","9":"product_cat-fruity","10":"product_cat-gourmand","11":"product_cat-perfumes","12":"product_cat-tropical","13":"product_cat-unisex","14":"product_cat-woody","15":"desktop-align-left","16":"tablet-align-left","17":"mobile-align-left","19":"first","20":"instock","21":"shipping-taxable","22":"purchasable","23":"product-type-variable"},"acf":[],"_links":{"self":[{"href":"https:\/\/perfumeshots.hu\/hu\/wp-json\/wp\/v2\/product\/2001","targetHints":{"allow":["GET"]}}],"collection":[{"href":"https:\/\/perfumeshots.hu\/hu\/wp-json\/wp\/v2\/product"}],"about":[{"href":"https:\/\/perfumeshots.hu\/hu\/wp-json\/wp\/v2\/types\/product"}],"replies":[{"embeddable":true,"href":"https:\/\/perfumeshots.hu\/hu\/wp-json\/wp\/v2\/comments?post=2001"}],"wp:featuredmedia":[{"embeddable":true,"href":"https:\/\/perfumeshots.hu\/hu\/wp-json\/wp\/v2\/media\/2006"}],"wp:attachment":[{"href":"https:\/\/perfumeshots.hu\/hu\/wp-json\/wp\/v2\/media?parent=2001"}],"wp:term":[{"taxonomy":"product_brand","embeddable":true,"href":"https:\/\/perfumeshots.hu\/hu\/wp-json\/wp\/v2\/product_brand?post=2001"},{"taxonomy":"product_cat","embeddable":true,"href":"https:\/\/perfumeshots.hu\/hu\/wp-json\/wp\/v2\/product_cat?post=2001"},{"taxonomy":"product_tag","embeddable":true,"href":"https:\/\/perfumeshots.hu\/hu\/wp-json\/wp\/v2\/product_tag?post=2001"}],"curies":[{"name":"wp","href":"https:\/\/api.w.org\/{rel}","templated":true}]}}