{"id":2493,"date":"2025-12-08T20:21:47","date_gmt":"2025-12-08T20:21:47","guid":{"rendered":"https:\/\/perfumeshots.hu\/?post_type=product&#038;p=2493"},"modified":"2026-03-24T16:39:06","modified_gmt":"2026-03-24T16:39:06","slug":"boundless","status":"publish","type":"product","link":"https:\/\/perfumeshots.hu\/hu\/termek\/boundless\/","title":{"rendered":"Boundless"},"content":{"rendered":"<p>Az Amouage Boundless egy meleg, f\u0171szeres-f\u00e1s energiarobban\u00e1s, mintha aranyl\u00f3 f\u00e9nybe l\u00e9pn\u00e9l \u2014 mer\u00e9sz, szabad \u00e9s gy\u00f6ny\u00f6r\u0171en eleven a b\u0151r\u00f6n.<\/p>","protected":false},"excerpt":{"rendered":"<p>A Boundless a tiszta \u00f6r\u00f6m kit\u00f6r\u00e9se, egy pillanatnyi euf\u00f3ria, amely azt a felfel\u00e9 t\u00f6r\u0151 fesz\u00fclts\u00e9get fejezi ki, amit azok \u00e9reznek, akik tenyer\u00fckbe szeretn\u00e9k z\u00e1rni a vil\u00e1g v\u00e9gtelens\u00e9g\u00e9t. Ez a szenved\u00e9lyes \u00e9s \u00e9lettel teli energia olyan, mint a napf\u00e9ny, amely visszat\u00fckr\u00f6z\u0151dik a harmatos dzsungellevelekr\u0151l, \u00e1tsz\u0171r\u0151dik a vir\u00e1gokkal teli lombkoron\u00e1n, v\u00e9gigsiklik a sziv\u00e1rv\u00e1ny-sz\u00edn\u0171 fat\u00f6rzseken, majd elt\u0171nik a k\u00f6ddel cs\u00f3kolt, csavarod\u00f3 \u00e1gak k\u00f6z\u00f6tt.<\/p>","protected":false},"featured_media":2499,"comment_status":"open","ping_status":"closed","template":"","meta":{"_acf_changed":false,"site-sidebar-layout":"default","site-content-layout":"","ast-site-content-layout":"default","site-content-style":"default","site-sidebar-style":"default","ast-global-header-display":"","ast-banner-title-visibility":"","ast-main-header-display":"","ast-hfb-above-header-display":"","ast-hfb-below-header-display":"","ast-hfb-mobile-header-display":"","site-post-title":"","ast-breadcrumbs-content":"","ast-featured-img":"","footer-sml-layout":"","theme-transparent-header-meta":"default","adv-header-id-meta":"","stick-header-meta":"","header-above-stick-meta":"","header-main-stick-meta":"","header-below-stick-meta":"","astra-migrate-meta-layouts":"set","ast-page-background-enabled":"default","ast-page-background-meta":{"desktop":{"background-color":"var(--ast-global-color-4)","background-image":"","background-repeat":"repeat","background-position":"center center","background-size":"auto","background-attachment":"scroll","background-type":"","background-media":"","overlay-type":"","overlay-color":"","overlay-opacity":"","overlay-gradient":""},"tablet":{"background-color":"","background-image":"","background-repeat":"repeat","background-position":"center center","background-size":"auto","background-attachment":"scroll","background-type":"","background-media":"","overlay-type":"","overlay-color":"","overlay-opacity":"","overlay-gradient":""},"mobile":{"background-color":"","background-image":"","background-repeat":"repeat","background-position":"center center","background-size":"auto","background-attachment":"scroll","background-type":"","background-media":"","overlay-type":"","overlay-color":"","overlay-opacity":"","overlay-gradient":""}},"ast-content-background-meta":{"desktop":{"background-color":"var(--ast-global-color-5)","background-image":"","background-repeat":"repeat","background-position":"center center","background-size":"auto","background-attachment":"scroll","background-type":"","background-media":"","overlay-type":"","overlay-color":"","overlay-opacity":"","overlay-gradient":""},"tablet":{"background-color":"var(--ast-global-color-5)","background-image":"","background-repeat":"repeat","background-position":"center center","background-size":"auto","background-attachment":"scroll","background-type":"","background-media":"","overlay-type":"","overlay-color":"","overlay-opacity":"","overlay-gradient":""},"mobile":{"background-color":"var(--ast-global-color-5)","background-image":"","background-repeat":"repeat","background-position":"center center","background-size":"auto","background-attachment":"scroll","background-type":"","background-media":"","overlay-type":"","overlay-color":"","overlay-opacity":"","overlay-gradient":""}}},"product_brand":[],"product_cat":[350,25,24,34,22,218,23,378,37],"product_tag":[],"class_list":{"0":"post-2493","1":"product","2":"type-product","3":"status-publish","4":"has-post-thumbnail","6":"product_cat-amouage","7":"product_cat-for-men","8":"product_cat-for-women","9":"product_cat-oriental","10":"product_cat-perfumes","11":"product_cat-spicy","12":"product_cat-unisex","13":"product_cat-warm","14":"product_cat-woody","15":"desktop-align-left","16":"tablet-align-left","17":"mobile-align-left","19":"first","20":"instock","21":"shipping-taxable","22":"purchasable","23":"product-type-variable"},"acf":[],"_links":{"self":[{"href":"https:\/\/perfumeshots.hu\/hu\/wp-json\/wp\/v2\/product\/2493","targetHints":{"allow":["GET"]}}],"collection":[{"href":"https:\/\/perfumeshots.hu\/hu\/wp-json\/wp\/v2\/product"}],"about":[{"href":"https:\/\/perfumeshots.hu\/hu\/wp-json\/wp\/v2\/types\/product"}],"replies":[{"embeddable":true,"href":"https:\/\/perfumeshots.hu\/hu\/wp-json\/wp\/v2\/comments?post=2493"}],"wp:featuredmedia":[{"embeddable":true,"href":"https:\/\/perfumeshots.hu\/hu\/wp-json\/wp\/v2\/media\/2499"}],"wp:attachment":[{"href":"https:\/\/perfumeshots.hu\/hu\/wp-json\/wp\/v2\/media?parent=2493"}],"wp:term":[{"taxonomy":"product_brand","embeddable":true,"href":"https:\/\/perfumeshots.hu\/hu\/wp-json\/wp\/v2\/product_brand?post=2493"},{"taxonomy":"product_cat","embeddable":true,"href":"https:\/\/perfumeshots.hu\/hu\/wp-json\/wp\/v2\/product_cat?post=2493"},{"taxonomy":"product_tag","embeddable":true,"href":"https:\/\/perfumeshots.hu\/hu\/wp-json\/wp\/v2\/product_tag?post=2493"}],"curies":[{"name":"wp","href":"https:\/\/api.w.org\/{rel}","templated":true}]}}