{"id":337,"date":"2024-12-26T18:58:19","date_gmt":"2024-12-26T18:58:19","guid":{"rendered":"https:\/\/perfumeshots.hu\/?post_type=product&#038;p=337"},"modified":"2025-07-06T15:21:44","modified_gmt":"2025-07-06T15:21:44","slug":"good-girl-gone-bad-extreme","status":"publish","type":"product","link":"https:\/\/perfumeshots.hu\/hu\/termek\/good-girl-gone-bad-extreme\/","title":{"rendered":"Good Girl Gone Bad Extreme"},"content":{"rendered":"<p>Vedd a Good Girl Gone Bad by KILIAN illat\u00e1nak g\u00e1tl\u00e1stalan vir\u00e1g\u00f6rv\u00e9ny\u00e9t, \u00e9s bor\u00edtsd be egy gazdag, tejes \u00e1rnyalattal.<\/p>","protected":false},"excerpt":{"rendered":"<p>R\u00f3zsasz\u00edn \u00e9s feh\u00e9r m\u00e1jusi r\u00f3zs\u00e1kb\u00f3l k\u00e9sz\u00fclt csokorral nyit, \u00e9s a legszebb narancsvir\u00e1gokkal, amelyeket h\u00e1rom szir\u00e9na dala hordoz a sz\u00edv\u00e9b\u0151l: tubar\u00f3zsa, egyiptomi j\u00e1zmin sambac \u00e9s n\u00e1rcisz. Ezeket a kiv\u00e9teles vir\u00e1gokat egy tejes karamell elix\u00edr \u00f6leli k\u00f6r\u00fcl, f\u00e9lig \u00e1rtatlanul, f\u00e9lig \u00e9rz\u00e9kien, \u00e9s most \u2013 egy cs\u00e1b\u00edt\u00f3 k\u00eds\u00e9rt\u00e9sk\u00e9nt egyes\u00fclnek.<\/p>","protected":false},"featured_media":1925,"comment_status":"open","ping_status":"closed","template":"","meta":{"_acf_changed":false,"site-sidebar-layout":"default","site-content-layout":"","ast-site-content-layout":"default","site-content-style":"default","site-sidebar-style":"default","ast-global-header-display":"","ast-banner-title-visibility":"","ast-main-header-display":"","ast-hfb-above-header-display":"","ast-hfb-below-header-display":"","ast-hfb-mobile-header-display":"","site-post-title":"","ast-breadcrumbs-content":"","ast-featured-img":"","footer-sml-layout":"","theme-transparent-header-meta":"default","adv-header-id-meta":"","stick-header-meta":"","header-above-stick-meta":"","header-main-stick-meta":"","header-below-stick-meta":"","astra-migrate-meta-layouts":"set","ast-page-background-enabled":"default","ast-page-background-meta":{"desktop":{"background-color":"var(--ast-global-color-4)","background-image":"","background-repeat":"repeat","background-position":"center center","background-size":"auto","background-attachment":"scroll","background-type":"","background-media":"","overlay-type":"","overlay-color":"","overlay-opacity":"","overlay-gradient":""},"tablet":{"background-color":"","background-image":"","background-repeat":"repeat","background-position":"center center","background-size":"auto","background-attachment":"scroll","background-type":"","background-media":"","overlay-type":"","overlay-color":"","overlay-opacity":"","overlay-gradient":""},"mobile":{"background-color":"","background-image":"","background-repeat":"repeat","background-position":"center center","background-size":"auto","background-attachment":"scroll","background-type":"","background-media":"","overlay-type":"","overlay-color":"","overlay-opacity":"","overlay-gradient":""}},"ast-content-background-meta":{"desktop":{"background-color":"var(--ast-global-color-5)","background-image":"","background-repeat":"repeat","background-position":"center center","background-size":"auto","background-attachment":"scroll","background-type":"","background-media":"","overlay-type":"","overlay-color":"","overlay-opacity":"","overlay-gradient":""},"tablet":{"background-color":"var(--ast-global-color-5)","background-image":"","background-repeat":"repeat","background-position":"center center","background-size":"auto","background-attachment":"scroll","background-type":"","background-media":"","overlay-type":"","overlay-color":"","overlay-opacity":"","overlay-gradient":""},"mobile":{"background-color":"var(--ast-global-color-5)","background-image":"","background-repeat":"repeat","background-position":"center center","background-size":"auto","background-attachment":"scroll","background-type":"","background-media":"","overlay-type":"","overlay-color":"","overlay-opacity":"","overlay-gradient":""}}},"product_brand":[],"product_cat":[33,24,35,272,220,22,214],"product_tag":[],"class_list":{"0":"post-337","1":"product","2":"type-product","3":"status-publish","4":"has-post-thumbnail","6":"product_cat-floral","7":"product_cat-for-women","8":"product_cat-gourmand","9":"product_cat-kilian","10":"product_cat-lactonic","11":"product_cat-perfumes","12":"product_cat-sweet","13":"desktop-align-left","14":"tablet-align-left","15":"mobile-align-left","17":"first","18":"instock","19":"shipping-taxable","20":"purchasable","21":"product-type-variable"},"acf":[],"_links":{"self":[{"href":"https:\/\/perfumeshots.hu\/hu\/wp-json\/wp\/v2\/product\/337","targetHints":{"allow":["GET"]}}],"collection":[{"href":"https:\/\/perfumeshots.hu\/hu\/wp-json\/wp\/v2\/product"}],"about":[{"href":"https:\/\/perfumeshots.hu\/hu\/wp-json\/wp\/v2\/types\/product"}],"replies":[{"embeddable":true,"href":"https:\/\/perfumeshots.hu\/hu\/wp-json\/wp\/v2\/comments?post=337"}],"wp:featuredmedia":[{"embeddable":true,"href":"https:\/\/perfumeshots.hu\/hu\/wp-json\/wp\/v2\/media\/1925"}],"wp:attachment":[{"href":"https:\/\/perfumeshots.hu\/hu\/wp-json\/wp\/v2\/media?parent=337"}],"wp:term":[{"taxonomy":"product_brand","embeddable":true,"href":"https:\/\/perfumeshots.hu\/hu\/wp-json\/wp\/v2\/product_brand?post=337"},{"taxonomy":"product_cat","embeddable":true,"href":"https:\/\/perfumeshots.hu\/hu\/wp-json\/wp\/v2\/product_cat?post=337"},{"taxonomy":"product_tag","embeddable":true,"href":"https:\/\/perfumeshots.hu\/hu\/wp-json\/wp\/v2\/product_tag?post=337"}],"curies":[{"name":"wp","href":"https:\/\/api.w.org\/{rel}","templated":true}]}}