{"id":425,"date":"2024-12-26T19:39:56","date_gmt":"2024-12-26T19:39:56","guid":{"rendered":"https:\/\/perfumeshots.hu\/?post_type=product&#038;p=425"},"modified":"2025-07-06T15:18:11","modified_gmt":"2025-07-06T15:18:11","slug":"mukhallat","status":"publish","type":"product","link":"https:\/\/perfumeshots.hu\/hu\/termek\/mukhallat\/","title":{"rendered":"Mukhallat"},"content":{"rendered":"<p>A Montale Mukhallat a v\u00e1gyakoz\u00f3, orientalista illat par excellence.<\/p>\n<p>Egy \u00e9des harm\u00f3nia a vad eper \u00e9s \u00e9des mandula kever\u00e9k\u00e9b\u0151l, melyet perui balzsam \u00e9s madagaszk\u00e1ri van\u00edlia eg\u00e9sz\u00edt ki, finoman kerek\u00edtve feh\u00e9r p\u00e9zsm\u00e1val.<\/p>","protected":false},"excerpt":{"rendered":"<p><span style=\"vertical-align: inherit;\"><span style=\"vertical-align: inherit;\">Egy \u00e9des, fodros \u00e9s n\u0151ies alkot\u00e1s \u2013 sz\u00e9ps\u00e9g\u00e9vel m\u00e9g a j\u00e9ghideg h\u00f3pelyheket is megolvasztan\u00e1. A mandula \u00e9dess\u00e9get \u00e9s gourmand hat\u00e1st ad, m\u00edg a van\u00edlia \u00e9s p\u00e9zsma telts\u00e9get \u00e9s intenz\u00edv strukt\u00far\u00e1t hoz l\u00e9tre. Ez nem egy cukorka, hanem egy komoly, gazdag torta erdei eperrel. Finom, nagyon orient\u00e1lis, kellemes, k\u00e9nyelmes \u00e9s szokatlan m\u00f3don.<\/span><\/span><\/p>","protected":false},"featured_media":1232,"comment_status":"open","ping_status":"closed","template":"","meta":{"_acf_changed":false,"site-sidebar-layout":"default","site-content-layout":"","ast-site-content-layout":"default","site-content-style":"default","site-sidebar-style":"default","ast-global-header-display":"","ast-banner-title-visibility":"","ast-main-header-display":"","ast-hfb-above-header-display":"","ast-hfb-below-header-display":"","ast-hfb-mobile-header-display":"","site-post-title":"","ast-breadcrumbs-content":"","ast-featured-img":"","footer-sml-layout":"","theme-transparent-header-meta":"default","adv-header-id-meta":"","stick-header-meta":"","header-above-stick-meta":"","header-main-stick-meta":"","header-below-stick-meta":"","astra-migrate-meta-layouts":"set","ast-page-background-enabled":"default","ast-page-background-meta":{"desktop":{"background-color":"var(--ast-global-color-4)","background-image":"","background-repeat":"repeat","background-position":"center center","background-size":"auto","background-attachment":"scroll","background-type":"","background-media":"","overlay-type":"","overlay-color":"","overlay-opacity":"","overlay-gradient":""},"tablet":{"background-color":"","background-image":"","background-repeat":"repeat","background-position":"center center","background-size":"auto","background-attachment":"scroll","background-type":"","background-media":"","overlay-type":"","overlay-color":"","overlay-opacity":"","overlay-gradient":""},"mobile":{"background-color":"","background-image":"","background-repeat":"repeat","background-position":"center center","background-size":"auto","background-attachment":"scroll","background-type":"","background-media":"","overlay-type":"","overlay-color":"","overlay-opacity":"","overlay-gradient":""}},"ast-content-background-meta":{"desktop":{"background-color":"var(--ast-global-color-5)","background-image":"","background-repeat":"repeat","background-position":"center center","background-size":"auto","background-attachment":"scroll","background-type":"","background-media":"","overlay-type":"","overlay-color":"","overlay-opacity":"","overlay-gradient":""},"tablet":{"background-color":"var(--ast-global-color-5)","background-image":"","background-repeat":"repeat","background-position":"center center","background-size":"auto","background-attachment":"scroll","background-type":"","background-media":"","overlay-type":"","overlay-color":"","overlay-opacity":"","overlay-gradient":""},"mobile":{"background-color":"var(--ast-global-color-5)","background-image":"","background-repeat":"repeat","background-position":"center center","background-size":"auto","background-attachment":"scroll","background-type":"","background-media":"","overlay-type":"","overlay-color":"","overlay-opacity":"","overlay-gradient":""}}},"product_brand":[],"product_cat":[25,24,32,35,236,34,22,214,23],"product_tag":[],"class_list":{"0":"post-425","1":"product","2":"type-product","3":"status-publish","4":"has-post-thumbnail","6":"product_cat-for-men","7":"product_cat-for-women","8":"product_cat-fruity","9":"product_cat-gourmand","10":"product_cat-montale","11":"product_cat-oriental","12":"product_cat-perfumes","13":"product_cat-sweet","14":"product_cat-unisex","15":"desktop-align-left","16":"tablet-align-left","17":"mobile-align-left","19":"first","20":"instock","21":"shipping-taxable","22":"purchasable","23":"product-type-variable"},"acf":[],"_links":{"self":[{"href":"https:\/\/perfumeshots.hu\/hu\/wp-json\/wp\/v2\/product\/425","targetHints":{"allow":["GET"]}}],"collection":[{"href":"https:\/\/perfumeshots.hu\/hu\/wp-json\/wp\/v2\/product"}],"about":[{"href":"https:\/\/perfumeshots.hu\/hu\/wp-json\/wp\/v2\/types\/product"}],"replies":[{"embeddable":true,"href":"https:\/\/perfumeshots.hu\/hu\/wp-json\/wp\/v2\/comments?post=425"}],"wp:featuredmedia":[{"embeddable":true,"href":"https:\/\/perfumeshots.hu\/hu\/wp-json\/wp\/v2\/media\/1232"}],"wp:attachment":[{"href":"https:\/\/perfumeshots.hu\/hu\/wp-json\/wp\/v2\/media?parent=425"}],"wp:term":[{"taxonomy":"product_brand","embeddable":true,"href":"https:\/\/perfumeshots.hu\/hu\/wp-json\/wp\/v2\/product_brand?post=425"},{"taxonomy":"product_cat","embeddable":true,"href":"https:\/\/perfumeshots.hu\/hu\/wp-json\/wp\/v2\/product_cat?post=425"},{"taxonomy":"product_tag","embeddable":true,"href":"https:\/\/perfumeshots.hu\/hu\/wp-json\/wp\/v2\/product_tag?post=425"}],"curies":[{"name":"wp","href":"https:\/\/api.w.org\/{rel}","templated":true}]}}